{"id":3533,"date":"2025-06-11T19:27:14","date_gmt":"2025-06-11T17:27:14","guid":{"rendered":"https:\/\/www.talence-natation-club.fr\/?page_id=3533"},"modified":"2026-03-18T15:45:35","modified_gmt":"2026-03-18T14:45:35","slug":"inscription","status":"publish","type":"page","link":"https:\/\/www.talence-natation-club.fr\/index.php\/inscription\/","title":{"rendered":"Inscription"},"content":{"rendered":"<div data-colibri-id=\"3533-c1\" class=\"style-1386 style-local-3533-c1 position-relative\">\n  <!---->\n  <div data-colibri-component=\"section\" data-colibri-id=\"3533-c2\" id=\"custom\" class=\"h-section h-section-global-spacing d-flex align-items-lg-center align-items-md-center align-items-center style-1387 style-local-3533-c2 position-relative\">\n    <!---->\n    <!---->\n    <div class=\"h-section-grid-container h-section-boxed-container\">\n      <!---->\n      <div data-colibri-id=\"3533-c3\" class=\"h-row-container gutters-row-lg-2 gutters-row-md-2 gutters-row-0 gutters-row-v-lg-2 gutters-row-v-md-2 gutters-row-v-2 style-1388 style-local-3533-c3 position-relative\">\n        <!---->\n        <div class=\"h-row justify-content-lg-center justify-content-md-center justify-content-center align-items-lg-stretch align-items-md-stretch align-items-stretch gutters-col-lg-2 gutters-col-md-2 gutters-col-0 gutters-col-v-lg-2 gutters-col-v-md-2 gutters-col-v-2\">\n          <!---->\n          <div class=\"h-column h-column-container d-flex h-col-lg-auto h-col-md-auto h-col-auto style-1389-outer style-local-3533-c4-outer\">\n            <div data-colibri-id=\"3533-c4\" class=\"d-flex h-flex-basis h-column__inner h-px-lg-2 h-px-md-2 h-px-2 v-inner-lg-2 v-inner-md-2 v-inner-2 style-1389 style-local-3533-c4 position-relative\">\n              <!---->\n              <!---->\n              <div class=\"w-100 h-y-container h-column__content h-column__v-align flex-basis-100 align-self-lg-start align-self-md-start align-self-start\">\n                <!---->\n                <div data-colibri-id=\"3533-c5\" class=\"h-text h-text-component style-1438 style-local-3533-c5 position-relative h-element\">\n                  <!---->\n                  <!---->\n                  <div class=\"\">\n                    <p>Retrouvez ci-dessous les informations sur les modalit\u00e9s d&rsquo;inscription au Talence Natation Club pour la<strong> saison 2025-2026<\/strong>.<\/p>\n                  <\/div>\n                <\/div>\n                <div data-colibri-id=\"3533-c6\" class=\"style-1440 style-local-3533-c6 position-relative h-element\">\n                  <!---->\n                <\/div>\n                <div data-colibri-id=\"3533-c7\" class=\"h-text h-text-component style-1420 style-local-3533-c7 position-relative h-element\">\n                  <!---->\n                  <!---->\n                  <div class=\"\">\n                    <p><strong>Comiti<\/strong>\n                      <br>Pour s&rsquo;inscrire au TNC il est n\u00e9cessaire de cr\u00e9er un compte sur la plateforme Comiti.&nbsp;<span style=\"font-weight: 400; font-size: 16px; font-family: &quot;Open Sans&quot;; color: rgb(9, 33, 42);\">Les adh\u00e9rents mineurs ne peuvent pas se cr\u00e9er de compte. Leur repr\u00e9sentant l\u00e9gal doit d&rsquo;abord cr\u00e9er un compte \u00e0 son nom, puis ajouter celui de l&rsquo;adh\u00e9rent sur leur profil.&nbsp;<\/span><\/p>\n                  <\/div>\n                <\/div>\n                <div data-colibri-id=\"3533-c8\" class=\"h-x-container style-1391 style-local-3533-c8 position-relative h-element\">\n                  <!---->\n                  <div class=\"h-x-container-inner style-dynamic-3533-c8-group style-1391-spacing style-local-3533-c8-spacing\"><span class=\"h-link__outer style-1392-outer style-local-3533-c9-outer d-inline-flex h-element\"><a h-use-smooth-scroll=\"true\" href=\"https:\/\/talencenatationclub.comiti-sport.fr\/login\" target=\"_blank\"  data-colibri-id=\"3533-c9\" class=\"d-flex w-100 align-items-center h-link style-1392 style-local-3533-c9 position-relative\"><!----><!----> <span>&gt; cr\u00e9er son compte sur Comiti<\/span><\/a>\n                    <\/span>\n                  <\/div>\n                <\/div>\n                <div data-colibri-id=\"3533-c10\" class=\"style-1416 style-local-3533-c10 position-relative h-element\">\n                  <!---->\n                <\/div>\n                <div data-colibri-id=\"3533-c11\" class=\"h-text h-text-component style-1415 style-local-3533-c11 position-relative h-element\">\n                  <!---->\n                  <!---->\n                  <div class=\"\">\n                    <p><strong>Les documents n\u00e9cessaires<\/strong><\/p>\n                  <\/div>\n                <\/div>\n                <div data-colibri-id=\"3533-c12\" class=\"h-text h-text-component style-1558 style-local-3533-c12 position-relative h-element\">\n                  <!---->\n                  <!---->\n                  <div class=\"\">\n                    <p>Les documents n\u00e9cessaires doivent \u00eatre t\u00e9l\u00e9charg\u00e9s, renseign\u00e9s num\u00e9riquement (inutile de les imprimer) et d\u00e9pos\u00e9s sur le profil Comiti de l&rsquo;adh\u00e9rent.<\/p>\n                  <\/div>\n                <\/div>\n                <div data-colibri-id=\"3533-c13\" class=\"style-1559 style-local-3533-c13 position-relative h-element\">\n                  <!---->\n                <\/div>\n                <div data-colibri-id=\"3533-c14\" class=\"h-text h-text-component style-1427 style-local-3533-c14 position-relative h-element\">\n                  <!---->\n                  <!---->\n                  <div class=\"\">\n                    <p>T\u00e9l\u00e9charger la licence et le questionnaire de sant\u00e9 correspondant \u00e0 l&rsquo;adh\u00e9rent :<\/p>\n                  <\/div>\n                <\/div>\n                <div data-colibri-id=\"3533-c15\" class=\"h-x-container style-1399 style-local-3533-c15 position-relative h-element\">\n                  <!---->\n                  <div class=\"h-x-container-inner style-dynamic-3533-c15-group style-1399-spacing style-local-3533-c15-spacing\"><span class=\"h-link__outer style-1400-outer style-local-3533-c16-outer d-inline-flex h-element\"><a h-use-smooth-scroll=\"true\" href=\"\/wp-content\/uploads\/2025\/06\/Licence_FFN_Mineurs_2025-2026.pdf\" target=\"_blank\"  data-colibri-id=\"3533-c16\" class=\"d-flex w-100 align-items-center h-link style-1400 style-local-3533-c16 position-relative\"><!----><!----> <span>&gt; licence FFN 2025-2026 &#8211; mineurs<\/span><\/a>\n                    <\/span>\n                  <\/div>\n                <\/div>\n                <div data-colibri-id=\"3533-c17\" class=\"h-x-container style-1401 style-local-3533-c17 position-relative h-element\">\n                  <!---->\n                  <div class=\"h-x-container-inner style-dynamic-3533-c17-group style-1401-spacing style-local-3533-c17-spacing\"><span class=\"h-link__outer style-1402-outer style-local-3533-c18-outer d-inline-flex h-element\"><a h-use-smooth-scroll=\"true\" href=\"\/wp-content\/uploads\/2025\/06\/Questionnaire_Sante_Mineurs_2025-2026.pdf\" target=\"_blank\"  data-colibri-id=\"3533-c18\" class=\"d-flex w-100 align-items-center h-link style-1402 style-local-3533-c18 position-relative\"><!----><!----> <span>&gt; questionnaire de sant\u00e9 &#8211; mineurs<\/span><\/a>\n                    <\/span>\n                  <\/div>\n                <\/div>\n                <div data-colibri-id=\"3533-c19\" class=\"h-x-container style-1403 style-local-3533-c19 position-relative h-element\">\n                  <!---->\n                  <div class=\"h-x-container-inner style-dynamic-3533-c19-group style-1403-spacing style-local-3533-c19-spacing\"><span class=\"h-link__outer style-1404-outer style-local-3533-c20-outer d-inline-flex h-element\"><a h-use-smooth-scroll=\"true\" href=\"\/wp-content\/uploads\/2025\/06\/Licence_FFN_Majeurs_2025-2026.pdf\" target=\"_blank\"  data-colibri-id=\"3533-c20\" class=\"d-flex w-100 align-items-center h-link style-1404 style-local-3533-c20 position-relative\"><!----><!----> <span>&gt; licence FFN 2025-2026 &#8211; majeurs<\/span><\/a>\n                    <\/span>\n                  <\/div>\n                <\/div>\n                <div data-colibri-id=\"3533-c21\" class=\"h-x-container style-1405 style-local-3533-c21 position-relative h-element\">\n                  <!---->\n                  <div class=\"h-x-container-inner style-dynamic-3533-c21-group style-1405-spacing style-local-3533-c21-spacing\"><span class=\"h-link__outer style-1406-outer style-local-3533-c22-outer d-inline-flex h-element\"><a h-use-smooth-scroll=\"true\" href=\"\/wp-content\/uploads\/2025\/06\/Questionnaire_Sante_Majeurs_2025-2026.pdf\" target=\"_blank\"  data-colibri-id=\"3533-c22\" class=\"d-flex w-100 align-items-center h-link style-1406 style-local-3533-c22 position-relative\"><!----><!----> <span>&gt; questionnaire de sant\u00e9 &#8211; majeurs<\/span><\/a>\n                    <\/span>\n                  <\/div>\n                <\/div>\n                <div data-colibri-id=\"3533-c23\" class=\"style-1431 style-local-3533-c23 position-relative h-element\">\n                  <!---->\n                <\/div>\n                <div data-colibri-id=\"3533-c24\" class=\"h-text h-text-component style-1429 style-local-3533-c24 position-relative h-element\">\n                  <!---->\n                  <!---->\n                  <div class=\"\">\n                    <p>T\u00e9l\u00e9charger le formulaire des autorisations diverses :<\/p>\n                  <\/div>\n                <\/div>\n                <div data-colibri-id=\"3533-c25\" class=\"h-x-container style-1424 style-local-3533-c25 position-relative h-element\">\n                  <!---->\n                  <div class=\"h-x-container-inner style-dynamic-3533-c25-group style-1424-spacing style-local-3533-c25-spacing\"><span class=\"h-link__outer style-1425-outer style-local-3533-c26-outer d-inline-flex h-element\"><a h-use-smooth-scroll=\"true\" href=\"\/wp-content\/uploads\/2025\/06\/TNC-AutorisationsReglementInterieur.pdf\" target=\"_blank\"  data-colibri-id=\"3533-c26\" class=\"d-flex w-100 align-items-center h-link style-1425 style-local-3533-c26 position-relative\"><!----><!----> <span>&gt; autorisations et r\u00e8glement int\u00e9rieur<\/span><\/a>\n                    <\/span>\n                  <\/div>\n                <\/div>\n                <div data-colibri-id=\"3533-c27\" class=\"style-1432 style-local-3533-c27 position-relative h-element\">\n                  <!---->\n                <\/div>\n                <div data-colibri-id=\"3533-c28\" class=\"h-text h-text-component style-1433 style-local-3533-c28 position-relative h-element\">\n                  <!---->\n                  <!---->\n                  <div class=\"\">\n                    <p>Pour b\u00e9n\u00e9ficier du tarif r\u00e9sident talen\u00e7ais ou \u00e9tudiant, pr\u00e9voir \u00e9galement pour les personnes concern\u00e9es :<\/p>\n                  <\/div>\n                <\/div>\n                <div data-colibri-id=\"3533-c29\" class=\"h-text h-text-component style-1426 style-local-3533-c29 position-relative h-element\">\n                  <!---->\n                  <!---->\n                  <div class=\"\">\n                    <p>&gt; justificatif de domicile (facture num\u00e9rique ou photo d&rsquo;une facture papier)\n                      <br>&gt; carte \u00e9tudiant ou certificat de scolarit\u00e9 (version num\u00e9rique ou photo)<\/p>\n                  <\/div>\n                <\/div>\n                <div data-colibri-id=\"3533-c30\" class=\"style-1557 style-local-3533-c30 position-relative h-element\">\n                  <!---->\n                <\/div>\n                <div data-colibri-id=\"3533-c31\" class=\"h-x-container style-1568 style-local-3533-c31 position-relative h-element\">\n                  <!---->\n                  <div class=\"h-x-container-inner style-dynamic-3533-c31-group style-1568-spacing style-local-3533-c31-spacing\"><span class=\"h-button__outer style-1569-outer style-local-3533-c32-outer d-inline-flex h-element\"><a h-use-smooth-scroll=\"true\" href=\"\/index.php\/tarifs\/\"  data-colibri-id=\"3533-c32\" class=\"d-flex w-100 align-items-center h-button justify-content-lg-center justify-content-md-center justify-content-center style-1569 style-local-3533-c32 position-relative\"><!----><!----> <span>voir les tarifs<\/span><\/a>\n                    <\/span>\n                  <\/div>\n                <\/div>\n                <div data-colibri-id=\"3533-c33\" class=\"style-1570 style-local-3533-c33 position-relative h-element\">\n                  <!---->\n                <\/div>\n                <div data-colibri-id=\"3533-c34\" class=\"h-x-container style-1571 style-local-3533-c34 position-relative h-element\">\n                  <!---->\n                  <div class=\"h-x-container-inner style-dynamic-3533-c34-group style-1571-spacing style-local-3533-c34-spacing\"><span class=\"h-button__outer style-1572-outer style-local-3533-c35-outer d-inline-flex h-element\"><a h-use-smooth-scroll=\"true\" href=\"\/index.php\/groupes\/\"  data-colibri-id=\"3533-c35\" class=\"d-flex w-100 align-items-center h-button justify-content-lg-center justify-content-md-center justify-content-center style-1572 style-local-3533-c35 position-relative\"><!----><!----> <span>voir les groupes<\/span><\/a>\n                    <\/span>\n                  <\/div>\n                <\/div>\n                <div data-colibri-id=\"3533-c36\" class=\"style-1576 style-local-3533-c36 position-relative h-element\">\n                  <!---->\n                <\/div>\n                <div data-colibri-id=\"3533-c37\" class=\"h-x-container style-1577 style-local-3533-c37 position-relative h-element\">\n                  <!---->\n                  <div class=\"h-x-container-inner style-dynamic-3533-c37-group style-1577-spacing style-local-3533-c37-spacing\"><span class=\"h-button__outer style-1578-outer style-local-3533-c38-outer d-inline-flex h-element\"><a h-use-smooth-scroll=\"true\" href=\"\/index.php\/2025\/06\/10\/inscriptions-pour-la-saison-2025-2026\/\"  data-colibri-id=\"3533-c38\" class=\"d-flex w-100 align-items-center h-button justify-content-lg-center justify-content-md-center justify-content-center style-1578 style-local-3533-c38 position-relative\"><!----><!----> <span>plus d&rsquo;infos sur la saison 2025-2026<\/span><\/a>\n                    <\/span>\n                  <\/div>\n                <\/div>\n              <\/div>\n            <\/div>\n          <\/div>\n        <\/div>\n      <\/div>\n    <\/div>\n  <\/div>\n<\/div>","protected":false},"excerpt":{"rendered":"<p>Retrouvez ci-dessous les informations sur les modalit\u00e9s d&rsquo;inscription au Talence Natation Club pour la saison 2025-2026. Comiti Pour s&rsquo;inscrire au TNC il est n\u00e9cessaire de cr\u00e9er un compte sur la plateforme Comiti.&nbsp;Les adh\u00e9rents mineurs ne peuvent pas se cr\u00e9er de compte. Leur repr\u00e9sentant l\u00e9gal doit d&rsquo;abord cr\u00e9er un compte \u00e0 son nom, puis ajouter celui [&hellip;]<\/p>\n","protected":false},"author":2,"featured_media":0,"parent":0,"menu_order":0,"comment_status":"closed","ping_status":"closed","template":"page-templates\/full-width-page.php","meta":{"footnotes":""},"class_list":["post-3533","page","type-page","status-publish","hentry"],"_links":{"self":[{"href":"https:\/\/www.talence-natation-club.fr\/index.php\/wp-json\/wp\/v2\/pages\/3533","targetHints":{"allow":["GET"]}}],"collection":[{"href":"https:\/\/www.talence-natation-club.fr\/index.php\/wp-json\/wp\/v2\/pages"}],"about":[{"href":"https:\/\/www.talence-natation-club.fr\/index.php\/wp-json\/wp\/v2\/types\/page"}],"author":[{"embeddable":true,"href":"https:\/\/www.talence-natation-club.fr\/index.php\/wp-json\/wp\/v2\/users\/2"}],"replies":[{"embeddable":true,"href":"https:\/\/www.talence-natation-club.fr\/index.php\/wp-json\/wp\/v2\/comments?post=3533"}],"version-history":[{"count":20,"href":"https:\/\/www.talence-natation-club.fr\/index.php\/wp-json\/wp\/v2\/pages\/3533\/revisions"}],"predecessor-version":[{"id":4530,"href":"https:\/\/www.talence-natation-club.fr\/index.php\/wp-json\/wp\/v2\/pages\/3533\/revisions\/4530"}],"wp:attachment":[{"href":"https:\/\/www.talence-natation-club.fr\/index.php\/wp-json\/wp\/v2\/media?parent=3533"}],"curies":[{"name":"wp","href":"https:\/\/api.w.org\/{rel}","templated":true}]}}